{"id":5,"date":"2022-07-21T12:49:43","date_gmt":"2022-07-21T10:49:43","guid":{"rendered":"https:\/\/acasadaita.com\/?page_id=5"},"modified":"2026-01-18T21:27:17","modified_gmt":"2026-01-18T19:27:17","slug":"que-visitar-desde-a-casa-da-ita","status":"publish","type":"page","link":"https:\/\/acasadaita.com\/index.php\/que-visitar-desde-a-casa-da-ita\/","title":{"rendered":"\u00bfQu\u00e9 visitar desde A Casa da Ita?"},"content":{"rendered":"\r\n\r\n<div class=\"wp-block-image\">\r\n<figure class=\"alignleft size-full is-resized\"><img loading=\"lazy\" decoding=\"async\" class=\"wp-image-10\" src=\"https:\/\/acasadaita.com\/wp-content\/uploads\/2022\/07\/Caminando-1.png\" alt=\"\" width=\"20\" height=\"33\" \/><\/figure>\r\n<\/div>\r\n\r\n\r\n<h2 class=\"wp-block-heading\">A unos metros de la Casa<\/h2>\r\n\r\n\r\n\r\n<p>La iglesia parroquial de Soutopenedo, con su peque\u00f1o cementerio adosado como es t\u00edpico en los peque\u00f1os pueblos de Galicia y Asturias, est\u00e1 consagrada a San Miguel y fue construida en el siglo XII. Su base rom\u00e1nica se enriqueci\u00f3 m\u00e1s tarde con elementos barrocos; especialmente su fachada y su precioso campanario, que se puede disfrutar desde el jard\u00edn de la Casa da Ita.<\/p>\r\n<p style=\"padding-left: 40px;\">\u25cf\u00a0<a href=\"https:\/\/www.turismo.gal\/recurso\/-\/detalle\/5776\/igrexa-de-san-miguel?langId=es_ES&amp;tp=8&amp;ctre=31\" target=\"_blank\" rel=\"noreferrer noopener\">La iglesia en la web de Turismo Xunta de Galicia<\/a><\/p>\r\n<p style=\"padding-left: 40px;\">\u25cf <a href=\"https:\/\/galiciapuebloapueblo.blogspot.com\/2020\/12\/san-miguel-de-soutopenedo-san-cibrao.html\" target=\"_blank\" rel=\"noreferrer noopener\">La iglesia en el blog Galicia pueblo a pueblo<\/a><\/p>\r\n<p style=\"padding-left: 40px;\">\u25cf\u00a0<a href=\"https:\/\/www.laregion.es\/comarca-de-ourense\/tesoros-ourense-san-cibrao-mas-que-poligono_1_20230813-2398587.html\" target=\"_blank\" rel=\"noopener\">Tesoros de Ourense: San Cibrao&#8230;<\/a>, del diario <em>La Regi\u00f3n<\/em> (en el segundo 17, aparece \ud83d\ude09 A Casa da Ita)<\/p>\r\n<p>&nbsp;<\/p>\r\n\r\n\r\n\r\n\r\n\r\n\r\n<div class=\"wp-block-image\">\r\n<figure class=\"alignleft size-full is-resized\"><img loading=\"lazy\" decoding=\"async\" class=\"wp-image-10\" src=\"https:\/\/acasadaita.com\/wp-content\/uploads\/2022\/07\/Caminando-1.png\" alt=\"\" width=\"20\" height=\"33\" \/><\/figure>\r\n<\/div>\r\n\r\n\r\n<h2 class=\"wp-block-heading\">Senderismo<\/h2>\r\n\r\n\r\n\r\n<p>La nuestra es una zona de excelentes <strong>rutas de senderismo<\/strong>. Las principales vienen <a href=\"https:\/\/sancibrao.es\/es\/cultura-e-turismo\/rutas-de-sendeirismo\/\" target=\"_blank\" rel=\"noreferrer noopener\">descritas en la web del Ayuntamiento de San Cibrao<\/a><\/p>\r\n\r\n\r\n\r\n<p>Precisamente una de las rutas m\u00e1s interesantes de la zona pasa por la iglesia, adyacente a la Casa: la <a href=\"https:\/\/sancibrao.es\/es\/cultura-e-turismo\/rutas-de-sendeirismo\/de-boutureira-a-castroverde\/\">ruta de la <strong>Boutureira<\/strong><\/a>.<\/p>\r\n\r\n\r\n\r\n<p>Otra ruta tambi\u00e9n muy atrayente es <a href=\"https:\/\/sancibrao.es\/es\/cultura-e-turismo\/rutas-de-sendeirismo\/ao-cruceiro-de-soutopenedo\/\" target=\"_blank\" rel=\"noreferrer noopener\">la que termina en el <strong>cruceiro de Soutopenedo<\/strong><\/a>, desde la Boutureira. El Cruceiro barroco de Soutopenedo es el final de esta ruta y est\u00e1 a unos cien metros de nuestra Casa.<\/p>\r\n<p>&nbsp;<\/p>\r\n<p>\r\n\r\n<div class=\"wp-block-image\"><\/p>\r\n<figure class=\"alignleft size-full is-resized\"><img loading=\"lazy\" decoding=\"async\" class=\"wp-image-7\" src=\"https:\/\/acasadaita.com\/wp-content\/uploads\/2022\/07\/Coche.png\" alt=\"\" width=\"29\" height=\"20\" \/><\/figure>\r\n<p><\/div>\r\n\r\n<\/p>\r\n<h2 class=\"has-text-align-left wp-block-heading\">A un rato en coche<\/h2>\r\n<ul>\r\n<li><a href=\"https:\/\/www.lakatospaintball.com\/\" target=\"_blank\" rel=\"noopener\">Paintball Lakatos<\/a> (16 min.)<\/li>\r\n<li><a href=\"https:\/\/maps.app.goo.gl\/CYVu4PZ6JytcSZH6A\" target=\"_blank\" rel=\"noopener\">H\u00f3rreos de A Merca<\/a> (la mayor zona de h\u00f3rreos de Galicia&#8230;. y seguramente del mundo)<\/li>\r\n<\/ul>\r\n<p>&nbsp;<\/p>\r\n\r\n\r\n<div class=\"wp-block-image\">\r\n<figure class=\"alignleft size-full is-resized\"><img loading=\"lazy\" decoding=\"async\" class=\"wp-image-7\" src=\"https:\/\/acasadaita.com\/wp-content\/uploads\/2022\/07\/Coche.png\" alt=\"\" width=\"29\" height=\"20\" \/><\/figure>\r\n<\/div>\r\n\r\n\r\n<h2 class=\"has-text-align-left wp-block-heading\">Ourense (12 km)<\/h2>\r\n\r\n\r\n\r\n<p>Ourense es la tercera mayor ciudad de Galicia, todav\u00eda no descubierta por el turismo masivo. Su <strong>tapeo <\/strong>desde el mediod\u00eda en las <strong>empedradas calles que rodean la catedral <\/strong>tiene un ambiente que merece la pena la visita.<\/p>\r\n\r\n\r\n\r\n<p>La propia catedral, rom\u00e1nica y barroca como tantos edificios religiosos de la regi\u00f3n, es impresionante, empezando por su P\u00f3rtico del Para\u00edso, inspirado en el genial P\u00f3rtico de la Gloria de la catedral compostelana. Aparte de estos y otros atractivos, una de las actividades m\u00e1s populares entre ourensanos y visitantes son sus <strong><a href=\"https:\/\/www.turismodeourense.gal\/termalismo\/termas-de-ourense\/\" target=\"_blank\" rel=\"noreferrer noopener\">termas<\/a><\/strong>. Ourense es una ciudad termal, con venas de agua caliente medicinal corriendo por su subsuelo, y esto le ha permitido disfrutar de termas naturales (Outariz, Chavasqueira&#8230;) , algunas p\u00fablicas y gratuitas y otras ofrecidas por empresas privadas.<\/p>\r\n\r\n\r\n\r\n<p style=\"padding-left: 40px;\"><a href=\"https:\/\/www.turismodeourense.gal\/agrupacion\/imprescindibles\/\" target=\"_blank\" rel=\"noreferrer noopener\">10 experiencias en Ourense, de la w<\/a><a href=\"https:\/\/www.turismodeourense.gal\/agrupacion\/imprescindibles\/\" target=\"_blank\" rel=\"noreferrer noopener\">eb municipal de turismo<\/a><\/p>\r\n<p>&nbsp;<\/p>\r\n\r\n\r\n<div class=\"wp-block-image\">\r\n<figure class=\"alignleft size-full is-resized\"><img loading=\"lazy\" decoding=\"async\" class=\"wp-image-7\" src=\"https:\/\/acasadaita.com\/wp-content\/uploads\/2022\/07\/Coche.png\" alt=\"\" width=\"29\" height=\"20\" \/><\/figure>\r\n<\/div>\r\n\r\n\r\n<h2 class=\"has-text-align-left wp-block-heading\">Allariz (16 km)<\/h2>\r\n\r\n\r\n\r\n<p>Esta villa ha conseguido conservar un <strong>excelente centro hist\u00f3rico<\/strong>, y pasear por sus calles empedradas nos permite conectar con su esplendor medieval. Pero adem\u00e1s tiene una excelente oferta de <strong>restaurantes y tascas<\/strong>, que en verano despliegan animadas terrazas. Por si fuera poco, en los \u00faltimos a\u00f1os Allariz se ha convertido en un destino de shopping al haber atra\u00eddo a muchas <strong>grandes marcas <\/strong>(Adolfo Dom\u00ednguez, Roberto Verino, Massimo Dutti\u2026) a instalar all\u00ed sus <strong>outlets<\/strong>.<\/p>\r\n\r\n\r\n\r\n<p>\u00bfQu\u00e9 tal una tarde de tiendas y tapeo en una de las m\u00e1s hermosas localidades de Galicia?<\/p>\r\n\r\n\r\n\r\n<p style=\"padding-left: 40px;\"><a href=\"https:\/\/www.allariz.gal\/turismo\/es\/\" target=\"_blank\" rel=\"noreferrer noopener\">M\u00e1s informaci\u00f3n sobre Allariz<\/a><\/p>\r\n<p>&nbsp;<\/p>\r\n\r\n\r\n<div class=\"wp-block-image\">\r\n<figure class=\"alignleft size-full is-resized\"><img loading=\"lazy\" decoding=\"async\" class=\"wp-image-7\" src=\"https:\/\/acasadaita.com\/wp-content\/uploads\/2022\/07\/Coche.png\" alt=\"\" width=\"29\" height=\"20\" \/><\/figure>\r\n<\/div>\r\n\r\n\r\n<h2 class=\"has-text-align-left wp-block-heading\">Celanova (16 km)<\/h2>\r\n\r\n\r\n\r\n<p>En Celanova se puede saborear plenamente el <strong>esp\u00edritu de la Galicia interior<\/strong>. Destaca en su plaza principal el impresionante Monasterio de San Salvador (construido en el s. X y fachada barroca), Monumento Nacional desde 1931 y sin duda uno de los m\u00e1s importantes de Galicia.<\/p>\r\n<p style=\"padding-left: 40px;\"><a href=\"https:\/\/www.elespanol.com\/quincemil\/articulos\/vivir\/los-10-mejores-planes-y-cosas-que-ver-en-celanova-de-visita\" target=\"_blank\" rel=\"noopener\">10 cosas que hacer en Celanova<\/a><\/p>\r\n<p>&nbsp;<\/p>\r\n<p>\r\n\r\n<div class=\"wp-block-image\"><\/p>\r\n<figure class=\"alignleft size-full is-resized\"><img loading=\"lazy\" decoding=\"async\" class=\"wp-image-7\" src=\"https:\/\/acasadaita.com\/wp-content\/uploads\/2022\/07\/Coche.png\" alt=\"\" width=\"29\" height=\"20\" \/><\/figure>\r\n<p><\/div>\r\n\r\n<\/p>\r\n<h2 class=\"has-text-align-left wp-block-heading\">Ribeira Sacra (50 km)<\/h2>\r\n<p>\r\n\r\n<\/p>\r\n<p>Esta ribera sagrada es una impresionante zona alrededor de los ca\u00f1ones del Mi\u00f1o y del Sil, con montes, vi\u00f1edos y monasterios (de ah\u00ed el nombre). Hay preciosas rutas en barco que en temporada alta conviene reservar con antelaci\u00f3n.<\/p>\r\n<p style=\"padding-left: 40px;\">\u25cf <a href=\"https:\/\/www.google.com\/maps\/dir\/42.262832,-7.8885765\/Ribeira+Sacra\/@42.4004823,-7.9147986,11z\/data=!3m1!4b1!4m8!4m7!1m0!1m5!1m1!1s0xd30196fa91064bb:0xdfd9d2b799f5a125!2m2!1d-7.6928814!2d42.5504188\" target=\"_blank\" rel=\"noopener\">Localizaci\u00f3n de la Ribeira Sacra en GoogleMaps<\/a>\u00a0<\/p>\r\n<p style=\"padding-left: 40px;\">\u25cf <a href=\"https:\/\/turismo.ribeirasacra.org\/\" target=\"_blank\" rel=\"noopener\">Web oficial de turismo de la Ribeira Sacra<\/a><\/p>\r\n<p style=\"padding-left: 40px;\">\u25cf <a href=\"https:\/\/www.sientegalicia.com\/blog\/conoce-la-ribeira-sacra\/\" target=\"_blank\" rel=\"noopener\">Siente Galicia: Ribeira Sacra<\/a><\/p>\r\n<p>&nbsp;<\/p>\r\n\r\n\r\n<div class=\"wp-block-image\">\r\n<figure class=\"alignleft size-full is-resized\"><img loading=\"lazy\" decoding=\"async\" class=\"wp-image-7\" src=\"https:\/\/acasadaita.com\/wp-content\/uploads\/2022\/07\/Coche.png\" alt=\"\" width=\"29\" height=\"20\" \/><\/figure>\r\n<\/div>\r\n\r\n\r\n<h2 class=\"has-text-align-left wp-block-heading\">Vigo (100 km)<\/h2>\r\n\r\n\r\n\r\n<p>Vigo es la mayor ciudad de Galicia y su motor industrial. Sus encantos se han popularizado en los \u00faltimos a\u00f1os por el famoso despliegue de sus <strong>luces de Navidad<\/strong>, pero siempre ha sido una referencia tur\u00edstica, entre otras cosas por las <strong>ostras de La Piedra<\/strong>. Pero adem\u00e1s de todo esto Vigo es una ciudad muy activa y acogedora en la que los amantes de la <strong>playa<\/strong> encontrar\u00e1n algunas de las mejores de Galicia (y esta competici\u00f3n est\u00e1 muy re\u00f1ida), como la famosa de Samil, los restos de una villa romana en Toralla, y sobre todo la gran <strong>oferta gastron\u00f3mica <\/strong>que constituye una referencia en el sur de Galicia.<\/p>\r\n\r\n\r\n\r\n<p>Desde Vigo salen diariamente barcos a las famosas <strong>Islas C\u00edes<\/strong>, parque nacional con impresionantes playas y rutas de senderismo (recomendamos <a href=\"https:\/\/www.mardeons.es\/islas-cies\/\" target=\"_blank\" rel=\"noreferrer noopener\">reservar los pasajes<\/a> con la mayor antelaci\u00f3n y pedir la autorizaci\u00f3n en un sencillo <a href=\"https:\/\/autorizacionillasatlanticas.xunta.gal\/illasr\/cambiarIdioma?lang=es\" target=\"_blank\" rel=\"noreferrer noopener\">tr\u00e1mite en la web de la Xunta<\/a>).<\/p>\r\n<p>&nbsp;<\/p>\r\n\r\n\r\n<div class=\"wp-block-image\">\r\n<figure class=\"alignleft size-full is-resized\"><img loading=\"lazy\" decoding=\"async\" class=\"wp-image-7\" src=\"https:\/\/acasadaita.com\/wp-content\/uploads\/2022\/07\/Coche.png\" alt=\"\" width=\"29\" height=\"20\" \/><\/figure>\r\n<\/div>\r\n\r\n\r\n<h2 class=\"has-text-align-left wp-block-heading\">Santiago (112 km)<\/h2>\r\n\r\n\r\n\r\n\r\n\r\n<p>Santiago es mucho m\u00e1s que una de las ciudades santas, es un tesoro arquitect\u00f3nico y el escenario de un ambiente cosmopolita sin igual en el norte de Espa\u00f1a. Cientos de miles de peregrinos y visitantes acuden durante todo el a\u00f1o a disfrutar de una experiencia \u00fanica. <a href=\"https:\/\/www.santiagoturismo.com\/?lg=cas\" target=\"_blank\" rel=\"noreferrer noopener\">M\u00e1s informaci\u00f3n sobre Santiago<\/a><\/p>\r\n<p>&nbsp;<\/p>\r\n\r\n\r\n<div class=\"wp-block-image\">\r\n<figure class=\"alignleft size-full is-resized\"><img loading=\"lazy\" decoding=\"async\" class=\"wp-image-7\" src=\"https:\/\/acasadaita.com\/wp-content\/uploads\/2022\/07\/Coche.png\" alt=\"\" width=\"29\" height=\"20\" \/><\/figure>\r\n<\/div>\r\n\r\n\r\n<h2 class=\"has-text-align-left wp-block-heading\">Norte de Portugal (90 km)<\/h2>\r\n\r\n\r\n\r\n<p>La frontera portuguesa se encuentra a poco m\u00e1s de una hora en autom\u00f3vil. En la zona fronteriza encontramos <a href=\"https:\/\/aunclicdelaaventura.com\/que-ver-en-chaves-portugal\/\" target=\"_blank\" rel=\"noreferrer noopener\">Chaves<\/a>, pueblo termal con encanto.<\/p>\r\n","protected":false},"excerpt":{"rendered":"<p>A unos metros de la Casa La iglesia parroquial de Soutopenedo, con su peque\u00f1o cementerio adosado como es t\u00edpico en los peque\u00f1os pueblos de Galicia y Asturias, est\u00e1 consagrada a San Miguel y fue construida en el siglo XII. Su base rom\u00e1nica se enriqueci\u00f3 m\u00e1s tarde con elementos barrocos; especialmente su fachada y su precioso [&hellip;]<\/p>\n","protected":false},"author":1,"featured_media":0,"parent":0,"menu_order":0,"comment_status":"closed","ping_status":"closed","template":"","meta":{"footnotes":""},"class_list":["post-5","page","type-page","status-publish","hentry"],"_links":{"self":[{"href":"https:\/\/acasadaita.com\/index.php\/wp-json\/wp\/v2\/pages\/5","targetHints":{"allow":["GET"]}}],"collection":[{"href":"https:\/\/acasadaita.com\/index.php\/wp-json\/wp\/v2\/pages"}],"about":[{"href":"https:\/\/acasadaita.com\/index.php\/wp-json\/wp\/v2\/types\/page"}],"author":[{"embeddable":true,"href":"https:\/\/acasadaita.com\/index.php\/wp-json\/wp\/v2\/users\/1"}],"replies":[{"embeddable":true,"href":"https:\/\/acasadaita.com\/index.php\/wp-json\/wp\/v2\/comments?post=5"}],"version-history":[{"count":14,"href":"https:\/\/acasadaita.com\/index.php\/wp-json\/wp\/v2\/pages\/5\/revisions"}],"predecessor-version":[{"id":1672,"href":"https:\/\/acasadaita.com\/index.php\/wp-json\/wp\/v2\/pages\/5\/revisions\/1672"}],"wp:attachment":[{"href":"https:\/\/acasadaita.com\/index.php\/wp-json\/wp\/v2\/media?parent=5"}],"curies":[{"name":"wp","href":"https:\/\/api.w.org\/{rel}","templated":true}]}}